{"id":5952,"date":"2026-01-26T14:36:32","date_gmt":"2026-01-26T14:36:32","guid":{"rendered":"https:\/\/optimistic-bose.104-155-59-254.plesk.page\/?page_id=5952"},"modified":"2026-01-26T15:08:47","modified_gmt":"2026-01-26T15:08:47","slug":"trattamento-dati-personali","status":"publish","type":"page","link":"https:\/\/optimistic-bose.104-155-59-254.plesk.page\/index.php\/trattamento-dati-personali\/","title":{"rendered":"Trattamento dati personali"},"content":{"rendered":"<p><div class=\"fusion-fullwidth fullwidth-box fusion-builder-row-1 fusion-flex-container has-pattern-background has-mask-background fusion-parallax-none nonhundred-percent-fullwidth non-hundred-percent-height-scrolling lazyload fusion-animated\" style=\"--awb-border-radius-top-left:0px;--awb-border-radius-top-right:0px;--awb-border-radius-bottom-right:0px;--awb-border-radius-bottom-left:0px;--awb-padding-top:150px;--awb-padding-bottom:150px;--awb-padding-top-small:90px;--awb-padding-bottom-small:90px;--awb-margin-bottom:75px;--awb-margin-bottom-medium:80px;--awb-margin-bottom-small:60px;--awb-background-image:linear-gradient(180deg, hsla(var(--awb-color8-h),var(--awb-color8-s),var(--awb-color8-l),calc( var(--awb-color8-a) - 55% )) 0%,hsla(var(--awb-color8-h),var(--awb-color8-s),var(--awb-color8-l),calc( var(--awb-color8-a) - 60% )) 100%);;--awb-background-size:cover;--awb-flex-wrap:wrap;\" data-bg=\"https:\/\/optimistic-bose.104-155-59-254.plesk.page\/wp-content\/uploads\/2026\/01\/Credits-Matej-Zorko_2.jpg\" data-bg-gradient=\"linear-gradient(180deg, hsla(var(--awb-color8-h),var(--awb-color8-s),var(--awb-color8-l),calc( var(--awb-color8-a) - 55% )) 0%,hsla(var(--awb-color8-h),var(--awb-color8-s),var(--awb-color8-l),calc( var(--awb-color8-a) - 60% )) 100%)\" data-animationType=\"fadeIn\" data-animationDuration=\"1.3\" data-animationOffset=\"top-into-view\" ><div class=\"fusion-builder-row fusion-row fusion-flex-align-items-flex-start fusion-flex-content-wrap\" style=\"max-width:1216.8px;margin-left: calc(-4% \/ 2 );margin-right: calc(-4% \/ 2 );\"><div class=\"fusion-layout-column fusion_builder_column fusion-builder-column-0 fusion_builder_column_1_1 1_1 fusion-flex-column\" style=\"--awb-bg-size:cover;--awb-width-large:100%;--awb-margin-top-large:0px;--awb-spacing-right-large:1.92%;--awb-margin-bottom-large:0px;--awb-spacing-left-large:1.92%;--awb-width-medium:100%;--awb-order-medium:0;--awb-spacing-right-medium:1.92%;--awb-spacing-left-medium:1.92%;--awb-width-small:100%;--awb-order-small:0;--awb-spacing-right-small:1.92%;--awb-spacing-left-small:1.92%;\"><div class=\"fusion-column-wrapper fusion-column-has-shadow fusion-flex-justify-content-flex-start fusion-content-layout-column\"><div class=\"fusion-title title fusion-title-1 fusion-title-center fusion-title-text fusion-title-size-one\" style=\"--awb-text-color:var(--awb-color1);--awb-margin-bottom:0px;--awb-margin-bottom-small:0px;--awb-margin-bottom-medium:0px;\"><div class=\"title-sep-container title-sep-container-left\"><div class=\"title-sep sep- sep-solid\" style=\"border-color:var(--awb-color3);\"><\/div><\/div><span class=\"awb-title-spacer\"><\/span><h1 class=\"fusion-title-heading title-heading-center fusion-responsive-typography-calculated\" style=\"margin:0;text-transform:uppercase;--fontSize:60;line-height:var(--awb-typography1-line-height);\">Trattamento dati personali<\/h1><span class=\"awb-title-spacer\"><\/span><div class=\"title-sep-container title-sep-container-right\"><div class=\"title-sep sep- sep-solid\" style=\"border-color:var(--awb-color3);\"><\/div><\/div><\/div><\/div><\/div><\/div><\/div><div class=\"fusion-fullwidth fullwidth-box fusion-builder-row-2 fusion-flex-container nonhundred-percent-fullwidth non-hundred-percent-height-scrolling fusion-animated\" style=\"--awb-background-position:left top;--awb-border-sizes-top:0px;--awb-border-sizes-bottom:0px;--awb-border-sizes-left:0px;--awb-border-sizes-right:0px;--awb-border-radius-top-left:0px;--awb-border-radius-top-right:0px;--awb-border-radius-bottom-right:0px;--awb-border-radius-bottom-left:0px;--awb-margin-bottom:0px;--awb-margin-bottom-medium:0px;--awb-margin-bottom-small:60px;--awb-flex-wrap:wrap;\" data-animationType=\"fadeInUp\" data-animationDuration=\"1.3\" data-animationOffset=\"top-into-view\" ><div class=\"fusion-builder-row fusion-row fusion-flex-align-items-stretch fusion-flex-justify-content-center fusion-flex-content-wrap\" style=\"max-width:1216.8px;margin-left: calc(-4% \/ 2 );margin-right: calc(-4% \/ 2 );\"><div class=\"fusion-layout-column fusion_builder_column fusion-builder-column-1 fusion_builder_column_1_1 1_1 fusion-flex-column fusion-flex-align-self-flex-start fusion-column-no-min-height\" style=\"--awb-bg-blend:overlay;--awb-bg-size:cover;--awb-width-large:100%;--awb-margin-top-large:0px;--awb-spacing-right-large:1.92%;--awb-margin-bottom-large:40px;--awb-spacing-left-large:1.92%;--awb-width-medium:80%;--awb-spacing-right-medium:2.4%;--awb-spacing-left-medium:2.4%;--awb-width-small:100%;--awb-spacing-right-small:1.92%;--awb-spacing-left-small:1.92%;\"><div class=\"fusion-column-wrapper fusion-flex-justify-content-flex-start fusion-content-layout-column\"><div class=\"fusion-text fusion-text-1 fusion-text-no-margin\" style=\"--awb-content-alignment:center;\"><h2 style=\"text-align: left;\">Trattamento dati personali<\/h2>\n<p style=\"text-align: left;\">&nbsp;<\/p>\n<p style=\"text-align: left;\"><strong>InRail S.p.A<\/strong>, in persona del suo legale rappresentante p.t., P.IVA 01633680994, sede legale a Genova (GE) in Via Operai n. 8, in qualit\u00e0 di Titolare del trattamento (in seguito \u201cTitolare\u201d)<\/p>\n<p style=\"text-align: left;\"><strong>TI INFORMA<\/strong><\/p>\n<p style=\"text-align: left;\">ai sensi del Regolamento UE 2016\/679 relativo alla protezione delle persone fisiche con riguardo al trattamento dei dati personali (in seguito \u201cGDPR\u201d) che i Tuoi dati saranno trattati nel rispetto della predetta normativa e con le modalit\u00e0 e per le finalit\u00e0 di seguito specificate:<\/p>\n<p style=\"text-align: left;\"><strong>1 &#8211; &nbsp;OGGETTO DEL TRATTAMENTO E NATURA DEI DATI<\/strong><\/p>\n<p style=\"text-align: left;\">Il Titolare, nell\u2019ambito della sua attivit\u00e0, tratta i Tuoi dati personali raccolti in occasione dell\u2019inserimento volontario dei predetti dati personali nel form di un\u2019autocandidatura presente sul nostro sito web nella sezione \u201cLavora con noi\u201d. Tramite detto form hai la possibilit\u00e0 di compilare dei campi pre-impostati riguardanti i dati anagrafici e le esperienze lavorative, oltre ad allegare ed inviare il curriculum vita.<\/p>\n<p style=\"text-align: left;\"><strong>2 &#8211; &nbsp;FINALIT\u00c0 DEL TRATTAMENTO<\/strong><\/p>\n<p style=\"text-align: left;\">I dati personali sono trattati, per la seguente finalit\u00e0 e base giuridica di riferimento:<\/p>\n<p style=\"text-align: left;\"><strong>2.1 Sulla base del Tuo consenso (art. 6 lett. a del GDPR)<\/strong><\/p>\n<p style=\"text-align: left;\">Il Titolare tratter\u00e0 i dati personali ricevuti solo per finalit\u00e0 di selezione del personale e valutazione del profilo del candidato in relazione all\u2019attivit\u00e0 di reclutamento del personale presso la nostra Societ\u00e0.<\/p>\n<p style=\"text-align: left;\"><strong>3 &#8211; &nbsp;DESTINATARI O CATEGORIE DI DESTINATARI DEI DATI<\/strong><\/p>\n<p style=\"text-align: left;\">I Tuoi dati personali potranno essere resi accessibili, per le finalit\u00e0 sopra menzionate, ai dipendenti e ai collaboratori del Titolare, appositamente nominati autorizzati al trattamento. &nbsp;<\/p>\n<p style=\"text-align: left;\">Per le medesime finalit\u00e0 i dati di natura personale potranno essere trattati da Tenor S.r.l. in qualit\u00e0 di Responsabile del Trattamento ex art. 28 del GDPR.<\/p>\n<p style=\"text-align: left;\"><strong>4 &#8211; &nbsp;MODALIT\u00c0 DEL TRATTAMENTO<\/strong><\/p>\n<p style=\"text-align: left;\">Il trattamento sar\u00e0 effettuato sia con strumenti manuali e\/o informatici e telematici nonch\u00e9 con logiche di organizzazione ed elaborazione strettamente correlate alle predette finalit\u00e0 e comunque in modo da garantire la sicurezza, l&#8217;integrit\u00e0, la disponibilit\u00e0 e la riservatezza dei dati personali.<\/p>\n<p style=\"text-align: left;\">Nel rispetto di quanto previsto dall\u2019art. 5 comma 1 lett. e) del GDPR, i dati personali raccolti verranno conservati in una forma che consenta l\u2019identificazione degli interessati per un arco di tempo non superiore al conseguimento delle finalit\u00e0\u0300 per le quali i dati personali sono trattati.<\/p>\n<p style=\"text-align: left;\"><strong>5 &#8211; &nbsp;CONFERIMENTO DEI DATI<\/strong><\/p>\n<p style=\"text-align: left;\">Si informa che, tenuto conto delle finalit\u00e0 del trattamento specificato al punto 2.1, il conferimento dei dati \u00e8 obbligatorio ed il loro mancato, parziale o inesatto conferimento potr\u00e0 avere, come conseguenza, l&#8217;impossibilit\u00e0 di svolgere la predetta attivit\u00e0.<\/p>\n<p style=\"text-align: left;\">Si invitano ad ogni modo i gentili candidati ad evitare d\u2019inserire nel proprio curriculum dati particolari (relativi, in particolare, allo stato di salute, alle convinzioni religiose, filosofiche o politiche) non pertinenti in relazione alla selezione del personale.<\/p>\n<p style=\"text-align: left;\"><strong>6 &#8211; &nbsp;TRASFERIMENTO DATI VERSO UN PAESE TERZO E\/O UN\u2019ORGANIZZAZIONE INTERNAZIONALE<\/strong><\/p>\n<p style=\"text-align: left;\">I dati di natura personale forniti non sono trasferiti all\u2019esterno dell\u2019Unione Europea.<\/p>\n<p style=\"text-align: left;\"><strong>7 &#8211; &nbsp;DURATA DEL TRATTAMENTO<\/strong><\/p>\n<p style=\"text-align: left;\">I dati personali vengono conservati per un periodo massimo di 1 anno o per il periodo stabilito dalla normativa o da Provvedimenti emessi dell\u2019Autorit\u00e0 di controllo. &nbsp;&nbsp;<\/p>\n<p style=\"text-align: left;\"><strong>8 &#8211; &nbsp;DIRITTI DELL\u2019INTERESSATO<\/strong><\/p>\n<p style=\"text-align: left;\">Tu potrai, in qualsiasi momento, esercitare i diritti cos\u00ec come espressi dagli artt. 15, 16, 17, 18, 19, 20, 21, 22 del Regolamento UE 2016\/679, ed in particolare:<\/p>\n<ul>\n<li style=\"text-align: left;\">di accesso ai dati personali;<\/li>\n<li style=\"text-align: left;\">di ottenere la rettifica o la cancellazione degli stessi o la limitazione del trattamento che lo riguardano;<\/li>\n<li style=\"text-align: left;\">di opporti al trattamento;<\/li>\n<li style=\"text-align: left;\">alla portabilit\u00e0 dei dati;<\/li>\n<li style=\"text-align: left;\">di revocare il consenso: la revoca del consenso non pregiudica la liceit\u00e0 del trattamento basata sul consenso conferito prima della revoca;<\/li>\n<li style=\"text-align: left;\">di proporre reclamo all&#8217;Autorit\u00e0 di Controllo (Garante Privacy).<\/li>\n<\/ul>\n<p style=\"text-align: left;\">L\u2019esercizio dei Tuoi diritti potr\u00e0 avvenire attraverso l\u2019invio al Titolare del trattamento di una richiesta al seguente indirizzo mail:&nbsp;<a href=\"mailto:privacy@inrail.it\">privacy@inrail.it<\/a><\/p>\n<p style=\"text-align: left;\">&nbsp;<\/p>\n<p style=\"text-align: left;\">Revisione Gennaio 2026<\/p>\n<\/div><div class=\"fusion-separator fusion-full-width-sep\" style=\"align-self: center;margin-left: auto;margin-right: auto;margin-top:15px;width:100%;\"><\/div><\/div><\/div><\/div><\/div><\/p>\n","protected":false},"excerpt":{"rendered":"","protected":false},"author":1,"featured_media":5626,"parent":0,"menu_order":0,"comment_status":"closed","ping_status":"closed","template":"100-width.php","meta":{"footnotes":""},"class_list":["post-5952","page","type-page","status-publish","has-post-thumbnail","hentry"],"_links":{"self":[{"href":"https:\/\/optimistic-bose.104-155-59-254.plesk.page\/index.php\/wp-json\/wp\/v2\/pages\/5952","targetHints":{"allow":["GET"]}}],"collection":[{"href":"https:\/\/optimistic-bose.104-155-59-254.plesk.page\/index.php\/wp-json\/wp\/v2\/pages"}],"about":[{"href":"https:\/\/optimistic-bose.104-155-59-254.plesk.page\/index.php\/wp-json\/wp\/v2\/types\/page"}],"author":[{"embeddable":true,"href":"https:\/\/optimistic-bose.104-155-59-254.plesk.page\/index.php\/wp-json\/wp\/v2\/users\/1"}],"replies":[{"embeddable":true,"href":"https:\/\/optimistic-bose.104-155-59-254.plesk.page\/index.php\/wp-json\/wp\/v2\/comments?post=5952"}],"version-history":[{"count":4,"href":"https:\/\/optimistic-bose.104-155-59-254.plesk.page\/index.php\/wp-json\/wp\/v2\/pages\/5952\/revisions"}],"predecessor-version":[{"id":5959,"href":"https:\/\/optimistic-bose.104-155-59-254.plesk.page\/index.php\/wp-json\/wp\/v2\/pages\/5952\/revisions\/5959"}],"wp:featuredmedia":[{"embeddable":true,"href":"https:\/\/optimistic-bose.104-155-59-254.plesk.page\/index.php\/wp-json\/wp\/v2\/media\/5626"}],"wp:attachment":[{"href":"https:\/\/optimistic-bose.104-155-59-254.plesk.page\/index.php\/wp-json\/wp\/v2\/media?parent=5952"}],"curies":[{"name":"wp","href":"https:\/\/api.w.org\/{rel}","templated":true}]}}